{"id":2,"date":"2020-11-04T12:35:25","date_gmt":"2020-11-04T12:35:25","guid":{"rendered":"http:\/\/sacom.ma\/?page_id=2"},"modified":"2020-11-06T08:54:04","modified_gmt":"2020-11-06T08:54:04","slug":"sample-page","status":"publish","type":"page","link":"http:\/\/sacom.ma\/?page_id=2","title":{"rendered":"Au service des Chefs"},"content":{"rendered":"\n<p>Sacom r\u00e9alise depuis 1930 les plus prestigieux projets dans ces domaines. Avec une \u00e9quipe exp\u00e9riment\u00e9e et form\u00e9e pour les \u00e9tudes et l&rsquo;installation,  et forte de ces partenaires leaders mondiaux, Sacom fait de son activit\u00e9 un art &#8230;.<\/p>\n\n\n\n<blockquote class=\"wp-block-quote\"><p>Hi there! I&rsquo;m a bike messenger by day, aspiring actor by night, and this is my website. I live in Los Angeles, have a great dog named Jack, and I like pi\u00f1a coladas. (And gettin&rsquo; caught in the rain.)<\/p><\/blockquote>\n\n\n\n<p>&#8230;or something like this:<\/p>\n\n\n\n<blockquote class=\"wp-block-quote\"><p>The XYZ Doohickey Company was founded in 1971, and has been providing quality doohickeys to the public ever since. Located in Gotham City, XYZ employs over 2,000 people and does all kinds of awesome things for the Gotham community.<\/p><\/blockquote>\n\n\n\n<p>As a new WordPress user, you should go to <a href=\"http:\/\/sacom.ma\/wp-admin\/\">your dashboard<\/a> to delete this page and create new pages for your content. Have fun!<\/p>\n","protected":false},"excerpt":{"rendered":"<p>Sacom r\u00e9alise depuis 1930 les plus prestigieux projets dans ces domaines. Avec une \u00e9quipe exp\u00e9riment\u00e9e et form\u00e9e pour les \u00e9tudes et l&rsquo;installation, et forte de ces partenaires leaders mondiaux, Sacom fait de son activit\u00e9 un art &#8230;. Hi there! I&rsquo;m a bike messenger by day, aspiring actor by night, and this is my website. I [&hellip;]<\/p>\n","protected":false},"author":1,"featured_media":0,"parent":0,"menu_order":0,"comment_status":"closed","ping_status":"open","template":"","meta":[],"_links":{"self":[{"href":"http:\/\/sacom.ma\/index.php?rest_route=\/wp\/v2\/pages\/2"}],"collection":[{"href":"http:\/\/sacom.ma\/index.php?rest_route=\/wp\/v2\/pages"}],"about":[{"href":"http:\/\/sacom.ma\/index.php?rest_route=\/wp\/v2\/types\/page"}],"author":[{"embeddable":true,"href":"http:\/\/sacom.ma\/index.php?rest_route=\/wp\/v2\/users\/1"}],"replies":[{"embeddable":true,"href":"http:\/\/sacom.ma\/index.php?rest_route=%2Fwp%2Fv2%2Fcomments&post=2"}],"version-history":[{"count":2,"href":"http:\/\/sacom.ma\/index.php?rest_route=\/wp\/v2\/pages\/2\/revisions"}],"predecessor-version":[{"id":27,"href":"http:\/\/sacom.ma\/index.php?rest_route=\/wp\/v2\/pages\/2\/revisions\/27"}],"wp:attachment":[{"href":"http:\/\/sacom.ma\/index.php?rest_route=%2Fwp%2Fv2%2Fmedia&parent=2"}],"curies":[{"name":"wp","href":"https:\/\/api.w.org\/{rel}","templated":true}]}}